{"id":25,"date":"2017-09-06T17:39:39","date_gmt":"2017-09-06T17:39:39","guid":{"rendered":"http:\/\/soportelinuxdeguate.com\/1\/?page_id=25"},"modified":"2017-09-07T17:22:45","modified_gmt":"2017-09-07T17:22:45","slug":"empresa","status":"publish","type":"page","link":"https:\/\/soportelinuxdeguate.com\/1\/empresa\/","title":{"rendered":"Empresa"},"content":{"rendered":"<p><strong>MISION Y VISION<\/strong><\/p>\n<p><strong>Nuestra Misi\u00f3n<\/strong><\/p>\n<p>Ser la empresa l\u00edder en proveer soluciones inform\u00e1ticas en los tiempos \u00f3ptimos, apoy\u00e1ndolos para lograr un eficiente desempe\u00f1o que le permita la expansi\u00f3n de su empresa y a la vez que garantice la continuidad de sus sistemas inform\u00e1ticos y de su negocio.<\/p>\n<p>SLG es una empresa cuya filosof\u00eda se basa en conceptos tales como:<\/p>\n<p>1) Profesionalismo<\/p>\n<p>2) Seriedad<\/p>\n<p>3) Innovaci\u00f3n<\/p>\n<p>4) Seguridad<\/p>\n<p>5) Puntualidad<\/p>\n<p>Nuestra compa\u00f1\u00eda desde sus inicios estableci\u00f3 su meta de crear una plataforma con capacidad para gestionar grandes empresas y aplicar estos mismos sistemas y tecnolog\u00edas a las peque\u00f1as y medianas para que cuenten con toda la seguridad y tecnolog\u00eda posible a precios competitivos.<\/p>\n<p><strong>Nuestra Visi\u00f3n<\/strong><\/p>\n<p>Mantener y proveer los m\u00e1s altos est\u00e1ndares y tecnolog\u00edas inform\u00e1ticas, por medio de nuestros profesionales. Los cuales se encuentran en constante capacitaci\u00f3n e investigaci\u00f3n para las nuevas tecnolog\u00edas disponibles.<\/p>\n","protected":false},"excerpt":{"rendered":"<p>MISION Y VISION Nuestra Misi\u00f3n Ser la empresa l\u00edder en proveer soluciones inform\u00e1ticas en los tiempos \u00f3ptimos, apoy\u00e1ndolos para lograr un eficiente desempe\u00f1o que le permita la expansi\u00f3n de su empresa y a la vez que garantice la continuidad de sus sistemas inform\u00e1ticos y de su negocio. SLG es una empresa cuya filosof\u00eda se basa &#8230; <a title=\"Empresa\" class=\"read-more\" href=\"https:\/\/soportelinuxdeguate.com\/1\/empresa\/\" aria-label=\"Read more about Empresa\">Read more<\/a><\/p>\n","protected":false},"author":1,"featured_media":0,"parent":0,"menu_order":0,"comment_status":"closed","ping_status":"closed","template":"","meta":{"footnotes":""},"class_list":["post-25","page","type-page","status-publish"],"_links":{"self":[{"href":"https:\/\/soportelinuxdeguate.com\/1\/wp-json\/wp\/v2\/pages\/25"}],"collection":[{"href":"https:\/\/soportelinuxdeguate.com\/1\/wp-json\/wp\/v2\/pages"}],"about":[{"href":"https:\/\/soportelinuxdeguate.com\/1\/wp-json\/wp\/v2\/types\/page"}],"author":[{"embeddable":true,"href":"https:\/\/soportelinuxdeguate.com\/1\/wp-json\/wp\/v2\/users\/1"}],"replies":[{"embeddable":true,"href":"https:\/\/soportelinuxdeguate.com\/1\/wp-json\/wp\/v2\/comments?post=25"}],"version-history":[{"count":5,"href":"https:\/\/soportelinuxdeguate.com\/1\/wp-json\/wp\/v2\/pages\/25\/revisions"}],"predecessor-version":[{"id":122,"href":"https:\/\/soportelinuxdeguate.com\/1\/wp-json\/wp\/v2\/pages\/25\/revisions\/122"}],"wp:attachment":[{"href":"https:\/\/soportelinuxdeguate.com\/1\/wp-json\/wp\/v2\/media?parent=25"}],"curies":[{"name":"wp","href":"https:\/\/api.w.org\/{rel}","templated":true}]}}