{"id":96,"date":"2017-09-06T19:17:42","date_gmt":"2017-09-06T19:17:42","guid":{"rendered":"http:\/\/soportelinuxdeguate.com\/1\/?page_id=96"},"modified":"2017-09-06T19:22:58","modified_gmt":"2017-09-06T19:22:58","slug":"soporte-remoto","status":"publish","type":"page","link":"https:\/\/soportelinuxdeguate.com\/1\/soporte-remoto\/","title":{"rendered":"Soporte Remoto"},"content":{"rendered":"<p>Reciba asistencia remota dando clic al siguiente link.<\/p>\n<p><a href=\"http:\/\/www.soportelinuxdeguate.com\/asistencia\/cliente.zip\">http:\/\/www.soportelinuxdeguate.com\/asistencia\/cliente.zip\u00a0<\/a><\/p>\n<p>Luego abra, instale y ejecute el archivo &#8220;cliente&#8221;. Dicho programa le brindar\u00e1 un n\u00famero de sesi\u00f3n y clave el cual debe proporcionar a su T\u00e9cnico de SLG y listo.<\/p>\n","protected":false},"excerpt":{"rendered":"<p>Reciba asistencia remota dando clic al siguiente link. http:\/\/www.soportelinuxdeguate.com\/asistencia\/cliente.zip\u00a0 Luego abra, instale y ejecute el archivo &#8220;cliente&#8221;. Dicho programa le brindar\u00e1 un n\u00famero de sesi\u00f3n y clave el cual debe proporcionar a su T\u00e9cnico de SLG y listo.<\/p>\n","protected":false},"author":1,"featured_media":0,"parent":0,"menu_order":0,"comment_status":"closed","ping_status":"closed","template":"","meta":{"footnotes":""},"class_list":["post-96","page","type-page","status-publish"],"_links":{"self":[{"href":"https:\/\/soportelinuxdeguate.com\/1\/wp-json\/wp\/v2\/pages\/96"}],"collection":[{"href":"https:\/\/soportelinuxdeguate.com\/1\/wp-json\/wp\/v2\/pages"}],"about":[{"href":"https:\/\/soportelinuxdeguate.com\/1\/wp-json\/wp\/v2\/types\/page"}],"author":[{"embeddable":true,"href":"https:\/\/soportelinuxdeguate.com\/1\/wp-json\/wp\/v2\/users\/1"}],"replies":[{"embeddable":true,"href":"https:\/\/soportelinuxdeguate.com\/1\/wp-json\/wp\/v2\/comments?post=96"}],"version-history":[{"count":4,"href":"https:\/\/soportelinuxdeguate.com\/1\/wp-json\/wp\/v2\/pages\/96\/revisions"}],"predecessor-version":[{"id":104,"href":"https:\/\/soportelinuxdeguate.com\/1\/wp-json\/wp\/v2\/pages\/96\/revisions\/104"}],"wp:attachment":[{"href":"https:\/\/soportelinuxdeguate.com\/1\/wp-json\/wp\/v2\/media?parent=96"}],"curies":[{"name":"wp","href":"https:\/\/api.w.org\/{rel}","templated":true}]}}